{"id":1711,"date":"2020-04-08T11:57:12","date_gmt":"2020-04-08T09:57:12","guid":{"rendered":"http:\/\/debra.novatask.biz\/impressum\/"},"modified":"2021-10-22T18:42:26","modified_gmt":"2021-10-22T16:42:26","slug":"impressum","status":"publish","type":"page","link":"https:\/\/www.schmetterlingskinder.ch\/it\/impressum\/","title":{"rendered":"Impressum"},"content":{"rendered":"\t\t<div data-elementor-type=\"wp-page\" data-elementor-id=\"1711\" class=\"elementor elementor-1711 elementor-936\" data-elementor-post-type=\"page\">\n\t\t\t\t\t\t<section data-particle_enable=\"false\" data-particle-mobile-disabled=\"false\" class=\"elementor-section elementor-top-section elementor-element elementor-element-e0055b9 elementor-section-full_width elementor-section-content-bottom elementor-section-height-default elementor-section-height-default\" data-id=\"e0055b9\" data-element_type=\"section\" data-e-type=\"section\" data-settings=\"{&quot;background_background&quot;:&quot;classic&quot;,&quot;shape_divider_bottom&quot;:&quot;waves&quot;,&quot;shape_divider_bottom_negative&quot;:&quot;yes&quot;}\">\n\t\t\t\t\t<div class=\"elementor-shape elementor-shape-bottom\" aria-hidden=\"true\" data-negative=\"true\">\n\t\t\t<svg xmlns=\"http:\/\/www.w3.org\/2000\/svg\" viewBox=\"0 0 1000 100\" preserveAspectRatio=\"none\">\n\t<path class=\"elementor-shape-fill\" d=\"M790.5,93.1c-59.3-5.3-116.8-18-192.6-50c-29.6-12.7-76.9-31-100.5-35.9c-23.6-4.9-52.6-7.8-75.5-5.3\n\tc-10.2,1.1-22.6,1.4-50.1,7.4c-27.2,6.3-58.2,16.6-79.4,24.7c-41.3,15.9-94.9,21.9-134,22.6C72,58.2,0,25.8,0,25.8V100h1000V65.3\n\tc0,0-51.5,19.4-106.2,25.7C839.5,97,814.1,95.2,790.5,93.1z\"\/>\n<\/svg>\t\t<\/div>\n\t\t\t\t\t<div class=\"elementor-container elementor-column-gap-default\">\n\t\t\t\t\t<div class=\"elementor-column elementor-col-100 elementor-top-column elementor-element elementor-element-f31c1b8\" data-id=\"f31c1b8\" data-element_type=\"column\" data-e-type=\"column\">\n\t\t\t<div class=\"elementor-widget-wrap elementor-element-populated\">\n\t\t\t\t\t\t<div class=\"elementor-element elementor-element-5d419f6 elementor--h-position-left elementor--v-position-top elementor-arrows-position-inside elementor-widget elementor-widget-slides\" data-id=\"5d419f6\" data-element_type=\"widget\" data-e-type=\"widget\" data-settings=\"{&quot;navigation&quot;:&quot;arrows&quot;,&quot;transition&quot;:&quot;fade&quot;,&quot;autoplay&quot;:&quot;yes&quot;,&quot;pause_on_hover&quot;:&quot;yes&quot;,&quot;pause_on_interaction&quot;:&quot;yes&quot;,&quot;autoplay_speed&quot;:5000,&quot;infinite&quot;:&quot;yes&quot;,&quot;transition_speed&quot;:500}\" data-widget_type=\"slides.default\">\n\t\t\t\t<div class=\"elementor-widget-container\">\n\t\t\t\t\t\t\t\t\t<div class=\"elementor-swiper\">\n\t\t\t\t\t<div class=\"elementor-slides-wrapper elementor-main-swiper swiper\" role=\"region\" aria-roledescription=\"carousel\" aria-label=\"Slides\" dir=\"ltr\" data-animation=\"fadeInUp\">\n\t\t\t\t<div class=\"swiper-wrapper elementor-slides\">\n\t\t\t\t\t\t\t\t\t\t<div class=\"elementor-repeater-item-0291e75 swiper-slide\" role=\"group\" aria-roledescription=\"slide\"><div class=\"swiper-slide-bg\" role=\"img\" aria-label=\"banner4\"><\/div><div class=\"swiper-slide-inner\" ><div class=\"swiper-slide-contents\"><div class=\"elementor-slide-description\"><p>\u00c8 questa la sensazione che prova un bambino farfalla.<\/p>\n<\/div><\/div><\/div><\/div><div class=\"elementor-repeater-item-238136a swiper-slide\" role=\"group\" aria-roledescription=\"slide\"><div class=\"swiper-slide-bg\" role=\"img\" aria-label=\"banner3\"><\/div><div class=\"swiper-slide-inner\" ><div class=\"swiper-slide-contents\"><div class=\"elementor-slide-description\"><p>\u00c8 questa la sensazione che prova un bambino farfalla.<\/p>\n<\/div><\/div><\/div><\/div><div class=\"elementor-repeater-item-02357dd swiper-slide\" role=\"group\" aria-roledescription=\"slide\"><div class=\"swiper-slide-bg\" role=\"img\" aria-label=\"waterwings\"><\/div><div class=\"swiper-slide-inner\" ><div class=\"swiper-slide-contents\"><div class=\"elementor-slide-description\"><p>\u00c8 questa la sensazione che prova un bambino farfalla.<\/p>\n<\/div><\/div><\/div><\/div><div class=\"elementor-repeater-item-c3fa76f swiper-slide\" role=\"group\" aria-roledescription=\"slide\"><div class=\"swiper-slide-bg\" role=\"img\" aria-label=\"banner2\"><\/div><div class=\"swiper-slide-inner\" ><div class=\"swiper-slide-contents\"><div class=\"elementor-slide-description\"><p>\u00c8 questa la sensazione che prova un bambino farfalla.<\/p>\n<\/div><\/div><\/div><\/div><div class=\"elementor-repeater-item-95956b6 swiper-slide\" role=\"group\" aria-roledescription=\"slide\"><div class=\"swiper-slide-bg\" role=\"img\" aria-label=\"banner8\"><\/div><div class=\"swiper-slide-inner\" ><div class=\"swiper-slide-contents\"><div class=\"elementor-slide-description\"><p>\u00c8 questa la sensazione che prova un bambino farfalla.<\/p>\n<\/div><\/div><\/div><\/div><div class=\"elementor-repeater-item-8047e06 swiper-slide\" role=\"group\" aria-roledescription=\"slide\"><div class=\"swiper-slide-bg\" role=\"img\" aria-label=\"banner6\"><\/div><div class=\"swiper-slide-inner\" ><div class=\"swiper-slide-contents\"><div class=\"elementor-slide-description\"><p>\u00c8 questa la sensazione che prova un bambino farfalla.<\/p>\n<\/div><\/div><\/div><\/div><div class=\"elementor-repeater-item-ea8f5bc swiper-slide\" role=\"group\" aria-roledescription=\"slide\"><div class=\"swiper-slide-bg\" role=\"img\" aria-label=\"banner9\"><\/div><div class=\"swiper-slide-inner\" ><div class=\"swiper-slide-contents\"><div class=\"elementor-slide-description\"><p>\u00c8 questa la sensazione che prova un bambino farfalla.<\/p>\n<\/div><\/div><\/div><\/div><div class=\"elementor-repeater-item-601c571 swiper-slide\" role=\"group\" aria-roledescription=\"slide\"><div class=\"swiper-slide-bg\" role=\"img\" aria-label=\"banner5\"><\/div><div class=\"swiper-slide-inner\" ><div class=\"swiper-slide-contents\"><div class=\"elementor-slide-description\"><p>\u00c8 questa la sensazione che prova un bambino farfalla.<\/p>\n<\/div><\/div><\/div><\/div><div class=\"elementor-repeater-item-194c920 swiper-slide\" role=\"group\" aria-roledescription=\"slide\"><div class=\"swiper-slide-bg\" role=\"img\" aria-label=\"banner7\"><\/div><div class=\"swiper-slide-inner\" ><div class=\"swiper-slide-contents\"><div class=\"elementor-slide-description\"><p>\u00c8 questa la sensazione che prova un bambino farfalla.<\/p>\n<\/div><\/div><\/div><\/div>\t\t\t\t<\/div>\n\t\t\t\t\t\t\t\t\t\t\t\t\t\t\t<div class=\"elementor-swiper-button elementor-swiper-button-prev\" role=\"button\" tabindex=\"0\" aria-label=\"Diapositiva precedente\">\n\t\t\t\t\t\t\t<i aria-hidden=\"true\" class=\"eicon-chevron-left\"><\/i>\t\t\t\t\t\t<\/div>\n\t\t\t\t\t\t<div class=\"elementor-swiper-button elementor-swiper-button-next\" role=\"button\" tabindex=\"0\" aria-label=\"Prossima diapositiva\">\n\t\t\t\t\t\t\t<i aria-hidden=\"true\" class=\"eicon-chevron-right\"><\/i>\t\t\t\t\t\t<\/div>\n\t\t\t\t\t\t\t\t\t\t\t\t\t\t\t\t\t<\/div>\n\t\t\t\t<\/div>\n\t\t\t\t\t\t\t\t<\/div>\n\t\t\t\t<\/div>\n\t\t\t\t<div class=\"elementor-element elementor-element-23ac98f elementor-absolute elementor-widget elementor-widget-template\" data-id=\"23ac98f\" data-element_type=\"widget\" data-e-type=\"widget\" data-settings=\"{&quot;_position&quot;:&quot;absolute&quot;}\" data-widget_type=\"template.default\">\n\t\t\t\t<div class=\"elementor-widget-container\">\n\t\t\t\t\t\t\t<div class=\"elementor-template\">\n\t\t\t\t\t<div data-elementor-type=\"section\" data-elementor-id=\"1773\" class=\"elementor elementor-1773 elementor-543 elementor-543\" data-elementor-post-type=\"elementor_library\">\n\t\t\t\t\t<section data-particle_enable=\"false\" data-particle-mobile-disabled=\"false\" class=\"elementor-section elementor-top-section elementor-element elementor-element-59a07fc elementor-section-height-min-height elementor-hidden-phone elementor-hidden-tablet elementor-section-boxed elementor-section-height-default elementor-section-items-middle\" data-id=\"59a07fc\" data-element_type=\"section\" data-e-type=\"section\" data-settings=\"{&quot;background_background&quot;:&quot;classic&quot;,&quot;shape_divider_bottom&quot;:&quot;waves&quot;}\">\n\t\t\t\t\t<div class=\"elementor-shape elementor-shape-bottom\" aria-hidden=\"true\" data-negative=\"false\">\n\t\t\t<svg xmlns=\"http:\/\/www.w3.org\/2000\/svg\" viewBox=\"0 0 1000 100\" preserveAspectRatio=\"none\">\n\t<path class=\"elementor-shape-fill\" d=\"M421.9,6.5c22.6-2.5,51.5,0.4,75.5,5.3c23.6,4.9,70.9,23.5,100.5,35.7c75.8,32.2,133.7,44.5,192.6,49.7\n\tc23.6,2.1,48.7,3.5,103.4-2.5c54.7-6,106.2-25.6,106.2-25.6V0H0v30.3c0,0,72,32.6,158.4,30.5c39.2-0.7,92.8-6.7,134-22.4\n\tc21.2-8.1,52.2-18.2,79.7-24.2C399.3,7.9,411.6,7.5,421.9,6.5z\"\/>\n<\/svg>\t\t<\/div>\n\t\t\t\t\t<div class=\"elementor-container elementor-column-gap-default\">\n\t\t\t\t\t<div class=\"elementor-column elementor-col-100 elementor-top-column elementor-element elementor-element-9790bc0\" data-id=\"9790bc0\" data-element_type=\"column\" data-e-type=\"column\">\n\t\t\t<div class=\"elementor-widget-wrap\">\n\t\t\t\t\t\t\t<\/div>\n\t\t<\/div>\n\t\t\t\t\t<\/div>\n\t\t<\/section>\n\t\t\t\t<section data-particle_enable=\"false\" data-particle-mobile-disabled=\"false\" class=\"elementor-section elementor-top-section elementor-element elementor-element-6102d7f elementor-section-height-min-height elementor-hidden-phone elementor-hidden-tablet elementor-section-boxed elementor-section-height-default elementor-section-items-middle\" data-id=\"6102d7f\" data-element_type=\"section\" data-e-type=\"section\" data-settings=\"{&quot;background_background&quot;:&quot;classic&quot;,&quot;shape_divider_bottom&quot;:&quot;waves&quot;}\">\n\t\t\t\t\t<div class=\"elementor-shape elementor-shape-bottom\" aria-hidden=\"true\" data-negative=\"false\">\n\t\t\t<svg xmlns=\"http:\/\/www.w3.org\/2000\/svg\" viewBox=\"0 0 1000 100\" preserveAspectRatio=\"none\">\n\t<path class=\"elementor-shape-fill\" d=\"M421.9,6.5c22.6-2.5,51.5,0.4,75.5,5.3c23.6,4.9,70.9,23.5,100.5,35.7c75.8,32.2,133.7,44.5,192.6,49.7\n\tc23.6,2.1,48.7,3.5,103.4-2.5c54.7-6,106.2-25.6,106.2-25.6V0H0v30.3c0,0,72,32.6,158.4,30.5c39.2-0.7,92.8-6.7,134-22.4\n\tc21.2-8.1,52.2-18.2,79.7-24.2C399.3,7.9,411.6,7.5,421.9,6.5z\"\/>\n<\/svg>\t\t<\/div>\n\t\t\t\t\t<div class=\"elementor-container elementor-column-gap-default\">\n\t\t\t\t\t<div class=\"elementor-column elementor-col-100 elementor-top-column elementor-element elementor-element-fc93cb8\" data-id=\"fc93cb8\" data-element_type=\"column\" data-e-type=\"column\">\n\t\t\t<div class=\"elementor-widget-wrap\">\n\t\t\t\t\t\t\t<\/div>\n\t\t<\/div>\n\t\t\t\t\t<\/div>\n\t\t<\/section>\n\t\t\t\t<\/div>\n\t\t\t\t<\/div>\n\t\t\t\t\t\t<\/div>\n\t\t\t\t<\/div>\n\t\t\t\t\t<\/div>\n\t\t<\/div>\n\t\t\t\t\t<\/div>\n\t\t<\/section>\n\t\t\t\t<section data-particle_enable=\"false\" data-particle-mobile-disabled=\"false\" class=\"elementor-section elementor-top-section elementor-element elementor-element-c7a6a55 elementor-section-boxed elementor-section-height-default elementor-section-height-default\" data-id=\"c7a6a55\" data-element_type=\"section\" data-e-type=\"section\">\n\t\t\t\t\t\t<div class=\"elementor-container elementor-column-gap-default\">\n\t\t\t\t\t<div class=\"elementor-column elementor-col-100 elementor-top-column elementor-element elementor-element-c10b747\" data-id=\"c10b747\" data-element_type=\"column\" data-e-type=\"column\">\n\t\t\t<div class=\"elementor-widget-wrap elementor-element-populated\">\n\t\t\t\t\t\t<div class=\"elementor-element elementor-element-07b736f elementor-widget elementor-widget-spacer\" data-id=\"07b736f\" data-element_type=\"widget\" data-e-type=\"widget\" data-widget_type=\"spacer.default\">\n\t\t\t\t<div class=\"elementor-widget-container\">\n\t\t\t\t\t\t\t<div class=\"elementor-spacer\">\n\t\t\t<div class=\"elementor-spacer-inner\"><\/div>\n\t\t<\/div>\n\t\t\t\t\t\t<\/div>\n\t\t\t\t<\/div>\n\t\t\t\t<div class=\"elementor-element elementor-element-e2402a0 deco elementor-widget__width-auto elementor-widget elementor-widget-heading\" data-id=\"e2402a0\" data-element_type=\"widget\" data-e-type=\"widget\" data-widget_type=\"heading.default\">\n\t\t\t\t<div class=\"elementor-widget-container\">\n\t\t\t\t\t<h2 class=\"elementor-heading-title elementor-size-default\">Impressum<\/h2>\t\t\t\t<\/div>\n\t\t\t\t<\/div>\n\t\t\t\t\t<\/div>\n\t\t<\/div>\n\t\t\t\t\t<\/div>\n\t\t<\/section>\n\t\t\t\t<section data-particle_enable=\"false\" data-particle-mobile-disabled=\"false\" class=\"elementor-section elementor-top-section elementor-element elementor-element-6a4b6d8 elementor-section-boxed elementor-section-height-default elementor-section-height-default\" data-id=\"6a4b6d8\" data-element_type=\"section\" data-e-type=\"section\">\n\t\t\t\t\t\t<div class=\"elementor-container elementor-column-gap-default\">\n\t\t\t\t\t<div class=\"elementor-column elementor-col-50 elementor-top-column elementor-element elementor-element-88833e7\" data-id=\"88833e7\" data-element_type=\"column\" data-e-type=\"column\">\n\t\t\t<div class=\"elementor-widget-wrap elementor-element-populated\">\n\t\t\t\t\t\t<div class=\"elementor-element elementor-element-b79f1f8 elementor-widget elementor-widget-heading\" data-id=\"b79f1f8\" data-element_type=\"widget\" data-e-type=\"widget\" data-widget_type=\"heading.default\">\n\t\t\t\t<div class=\"elementor-widget-container\">\n\t\t\t\t\t<h4 class=\"elementor-heading-title elementor-size-default\">Responsabile dei contenuti<\/h4>\t\t\t\t<\/div>\n\t\t\t\t<\/div>\n\t\t\t\t<div class=\"elementor-element elementor-element-ce7b33e elementor-widget elementor-widget-text-editor\" data-id=\"ce7b33e\" data-element_type=\"widget\" data-e-type=\"widget\" data-widget_type=\"text-editor.default\">\n\t\t\t\t<div class=\"elementor-widget-container\">\n\t\t\t\t\t\t\t\t\t<p>DEBRA Svizzera<br \/>\nBahnhofsstrasse 55<br \/>\n5001 Aarau<br \/>\nTel.: 062 534 16 90<\/p>\n<p>Per questioni amministrative:<br \/>\n<a href=\"mailto:sekretariat@schmetterlingskinder.ch\">sekretariat@schmetterlingskinder.ch<\/a><\/p>\n<p>Per richieste dei media e donazioni:<br \/>\n<a href=\"mailto:debra@schmetterlingskinder.ch\">debra@schmetterlingskinder.ch<\/a><\/p>\n\t\t\t\t\t\t\t\t<\/div>\n\t\t\t\t<\/div>\n\t\t\t\t\t<\/div>\n\t\t<\/div>\n\t\t\t\t<div class=\"elementor-column elementor-col-50 elementor-top-column elementor-element elementor-element-77d4ebd\" data-id=\"77d4ebd\" data-element_type=\"column\" data-e-type=\"column\">\n\t\t\t<div class=\"elementor-widget-wrap elementor-element-populated\">\n\t\t\t\t\t\t<div class=\"elementor-element elementor-element-eab629e elementor-widget elementor-widget-heading\" data-id=\"eab629e\" data-element_type=\"widget\" data-e-type=\"widget\" data-widget_type=\"heading.default\">\n\t\t\t\t<div class=\"elementor-widget-container\">\n\t\t\t\t\t<h4 class=\"elementor-heading-title elementor-size-default\">Web design e programmazione<\/h4>\t\t\t\t<\/div>\n\t\t\t\t<\/div>\n\t\t\t\t<div class=\"elementor-element elementor-element-0b3b88e elementor-widget elementor-widget-text-editor\" data-id=\"0b3b88e\" data-element_type=\"widget\" data-e-type=\"widget\" data-widget_type=\"text-editor.default\">\n\t\t\t\t<div class=\"elementor-widget-container\">\n\t\t\t\t\t\t\t\t\t<p>Webtimal GmbH<br \/>Gundeldingerstrasse 170<br \/>4053 Basel<br \/>Tel: 41 61 367 96 90<br \/><a href=\"https:\/\/www.webtimal.ch\" target=\"_blank\" rel=\"noopener\">www.webtimal.ch<\/a><br \/><a href=\"mailto:info@webtimal.ch\">info@webtimal.ch<\/a><\/p>\n\t\t\t\t\t\t\t\t<\/div>\n\t\t\t\t<\/div>\n\t\t\t\t\t<\/div>\n\t\t<\/div>\n\t\t\t\t\t<\/div>\n\t\t<\/section>\n\t\t\t\t<\/div>\n\t\t","protected":false},"excerpt":{"rendered":"<p>\u00c8 questa la sensazione che prova un bambino farfalla. \u00c8 questa la sensazione che prova un bambino farfalla. \u00c8 questa la sensazione che prova un bambino farfalla. \u00c8 questa la sensazione che prova un bambino farfalla. \u00c8 questa la sensazione che prova un bambino farfalla. \u00c8 questa la sensazione che prova un bambino farfalla. \u00c8 [&hellip;]<\/p>\n","protected":false},"author":1,"featured_media":0,"parent":0,"menu_order":0,"comment_status":"closed","ping_status":"closed","template":"","meta":{"_acf_changed":false,"footnotes":""},"class_list":["post-1711","page","type-page","status-publish","hentry"],"acf":[],"yoast_head":"<!-- This site is optimized with the Yoast SEO plugin v27.4 - https:\/\/yoast.com\/product\/yoast-seo-wordpress\/ -->\n<title>Impressum - DEBRA Schweiz<\/title>\n<meta name=\"robots\" content=\"index, follow, max-snippet:-1, max-image-preview:large, max-video-preview:-1\" \/>\n<link rel=\"canonical\" href=\"https:\/\/www.schmetterlingskinder.ch\/it\/impressum\/\" \/>\n<meta property=\"og:locale\" content=\"it_IT\" \/>\n<meta property=\"og:type\" content=\"article\" \/>\n<meta property=\"og:title\" content=\"Impressum - DEBRA Schweiz\" \/>\n<meta property=\"og:description\" content=\"\u00c8 questa la sensazione che prova un bambino farfalla. \u00c8 questa la sensazione che prova un bambino farfalla. \u00c8 questa la sensazione che prova un bambino farfalla. \u00c8 questa la sensazione che prova un bambino farfalla. \u00c8 questa la sensazione che prova un bambino farfalla. \u00c8 questa la sensazione che prova un bambino farfalla. \u00c8 [&hellip;]\" \/>\n<meta property=\"og:url\" content=\"https:\/\/www.schmetterlingskinder.ch\/it\/impressum\/\" \/>\n<meta property=\"og:site_name\" content=\"DEBRA Schweiz\" \/>\n<meta property=\"article:modified_time\" content=\"2021-10-22T16:42:26+00:00\" \/>\n<meta name=\"twitter:card\" content=\"summary_large_image\" \/>\n<meta name=\"twitter:label1\" content=\"Tempo di lettura stimato\" \/>\n\t<meta name=\"twitter:data1\" content=\"2 minuti\" \/>\n<script type=\"application\/ld+json\" class=\"yoast-schema-graph\">{\"@context\":\"https:\\\/\\\/schema.org\",\"@graph\":[{\"@type\":\"WebPage\",\"@id\":\"https:\\\/\\\/www.schmetterlingskinder.ch\\\/it\\\/impressum\\\/\",\"url\":\"https:\\\/\\\/www.schmetterlingskinder.ch\\\/it\\\/impressum\\\/\",\"name\":\"Impressum - DEBRA Schweiz\",\"isPartOf\":{\"@id\":\"https:\\\/\\\/www.schmetterlingskinder.ch\\\/it\\\/#website\"},\"datePublished\":\"2020-04-08T09:57:12+00:00\",\"dateModified\":\"2021-10-22T16:42:26+00:00\",\"breadcrumb\":{\"@id\":\"https:\\\/\\\/www.schmetterlingskinder.ch\\\/it\\\/impressum\\\/#breadcrumb\"},\"inLanguage\":\"it-IT\",\"potentialAction\":[{\"@type\":\"ReadAction\",\"target\":[\"https:\\\/\\\/www.schmetterlingskinder.ch\\\/it\\\/impressum\\\/\"]}]},{\"@type\":\"BreadcrumbList\",\"@id\":\"https:\\\/\\\/www.schmetterlingskinder.ch\\\/it\\\/impressum\\\/#breadcrumb\",\"itemListElement\":[{\"@type\":\"ListItem\",\"position\":1,\"name\":\"Startseite\",\"item\":\"https:\\\/\\\/www.schmetterlingskinder.ch\\\/it\\\/\"},{\"@type\":\"ListItem\",\"position\":2,\"name\":\"Impressum\"}]},{\"@type\":\"WebSite\",\"@id\":\"https:\\\/\\\/www.schmetterlingskinder.ch\\\/it\\\/#website\",\"url\":\"https:\\\/\\\/www.schmetterlingskinder.ch\\\/it\\\/\",\"name\":\"DEBRA Schweiz\",\"description\":\"Hilfe f\u00fcr die Schmetterlingskinder\",\"publisher\":{\"@id\":\"https:\\\/\\\/www.schmetterlingskinder.ch\\\/it\\\/#organization\"},\"potentialAction\":[{\"@type\":\"SearchAction\",\"target\":{\"@type\":\"EntryPoint\",\"urlTemplate\":\"https:\\\/\\\/www.schmetterlingskinder.ch\\\/it\\\/?s={search_term_string}\"},\"query-input\":{\"@type\":\"PropertyValueSpecification\",\"valueRequired\":true,\"valueName\":\"search_term_string\"}}],\"inLanguage\":\"it-IT\"},{\"@type\":\"Organization\",\"@id\":\"https:\\\/\\\/www.schmetterlingskinder.ch\\\/it\\\/#organization\",\"name\":\"DEBRA Schweiz\",\"url\":\"https:\\\/\\\/www.schmetterlingskinder.ch\\\/it\\\/\",\"logo\":{\"@type\":\"ImageObject\",\"inLanguage\":\"it-IT\",\"@id\":\"https:\\\/\\\/www.schmetterlingskinder.ch\\\/it\\\/#\\\/schema\\\/logo\\\/image\\\/\",\"url\":\"https:\\\/\\\/www.schmetterlingskinder.ch\\\/wp-content\\\/uploads\\\/2019\\\/11\\\/logo-debra.svg\",\"contentUrl\":\"https:\\\/\\\/www.schmetterlingskinder.ch\\\/wp-content\\\/uploads\\\/2019\\\/11\\\/logo-debra.svg\",\"caption\":\"DEBRA Schweiz\"},\"image\":{\"@id\":\"https:\\\/\\\/www.schmetterlingskinder.ch\\\/it\\\/#\\\/schema\\\/logo\\\/image\\\/\"}}]}<\/script>\n<!-- \/ Yoast SEO plugin. -->","yoast_head_json":{"title":"Impressum - DEBRA Schweiz","robots":{"index":"index","follow":"follow","max-snippet":"max-snippet:-1","max-image-preview":"max-image-preview:large","max-video-preview":"max-video-preview:-1"},"canonical":"https:\/\/www.schmetterlingskinder.ch\/it\/impressum\/","og_locale":"it_IT","og_type":"article","og_title":"Impressum - DEBRA Schweiz","og_description":"\u00c8 questa la sensazione che prova un bambino farfalla. \u00c8 questa la sensazione che prova un bambino farfalla. \u00c8 questa la sensazione che prova un bambino farfalla. \u00c8 questa la sensazione che prova un bambino farfalla. \u00c8 questa la sensazione che prova un bambino farfalla. \u00c8 questa la sensazione che prova un bambino farfalla. \u00c8 [&hellip;]","og_url":"https:\/\/www.schmetterlingskinder.ch\/it\/impressum\/","og_site_name":"DEBRA Schweiz","article_modified_time":"2021-10-22T16:42:26+00:00","twitter_card":"summary_large_image","twitter_misc":{"Tempo di lettura stimato":"2 minuti"},"schema":{"@context":"https:\/\/schema.org","@graph":[{"@type":"WebPage","@id":"https:\/\/www.schmetterlingskinder.ch\/it\/impressum\/","url":"https:\/\/www.schmetterlingskinder.ch\/it\/impressum\/","name":"Impressum - DEBRA Schweiz","isPartOf":{"@id":"https:\/\/www.schmetterlingskinder.ch\/it\/#website"},"datePublished":"2020-04-08T09:57:12+00:00","dateModified":"2021-10-22T16:42:26+00:00","breadcrumb":{"@id":"https:\/\/www.schmetterlingskinder.ch\/it\/impressum\/#breadcrumb"},"inLanguage":"it-IT","potentialAction":[{"@type":"ReadAction","target":["https:\/\/www.schmetterlingskinder.ch\/it\/impressum\/"]}]},{"@type":"BreadcrumbList","@id":"https:\/\/www.schmetterlingskinder.ch\/it\/impressum\/#breadcrumb","itemListElement":[{"@type":"ListItem","position":1,"name":"Startseite","item":"https:\/\/www.schmetterlingskinder.ch\/it\/"},{"@type":"ListItem","position":2,"name":"Impressum"}]},{"@type":"WebSite","@id":"https:\/\/www.schmetterlingskinder.ch\/it\/#website","url":"https:\/\/www.schmetterlingskinder.ch\/it\/","name":"DEBRA Schweiz","description":"Hilfe f\u00fcr die Schmetterlingskinder","publisher":{"@id":"https:\/\/www.schmetterlingskinder.ch\/it\/#organization"},"potentialAction":[{"@type":"SearchAction","target":{"@type":"EntryPoint","urlTemplate":"https:\/\/www.schmetterlingskinder.ch\/it\/?s={search_term_string}"},"query-input":{"@type":"PropertyValueSpecification","valueRequired":true,"valueName":"search_term_string"}}],"inLanguage":"it-IT"},{"@type":"Organization","@id":"https:\/\/www.schmetterlingskinder.ch\/it\/#organization","name":"DEBRA Schweiz","url":"https:\/\/www.schmetterlingskinder.ch\/it\/","logo":{"@type":"ImageObject","inLanguage":"it-IT","@id":"https:\/\/www.schmetterlingskinder.ch\/it\/#\/schema\/logo\/image\/","url":"https:\/\/www.schmetterlingskinder.ch\/wp-content\/uploads\/2019\/11\/logo-debra.svg","contentUrl":"https:\/\/www.schmetterlingskinder.ch\/wp-content\/uploads\/2019\/11\/logo-debra.svg","caption":"DEBRA Schweiz"},"image":{"@id":"https:\/\/www.schmetterlingskinder.ch\/it\/#\/schema\/logo\/image\/"}}]}},"_links":{"self":[{"href":"https:\/\/www.schmetterlingskinder.ch\/it\/wp-json\/wp\/v2\/pages\/1711","targetHints":{"allow":["GET"]}}],"collection":[{"href":"https:\/\/www.schmetterlingskinder.ch\/it\/wp-json\/wp\/v2\/pages"}],"about":[{"href":"https:\/\/www.schmetterlingskinder.ch\/it\/wp-json\/wp\/v2\/types\/page"}],"author":[{"embeddable":true,"href":"https:\/\/www.schmetterlingskinder.ch\/it\/wp-json\/wp\/v2\/users\/1"}],"replies":[{"embeddable":true,"href":"https:\/\/www.schmetterlingskinder.ch\/it\/wp-json\/wp\/v2\/comments?post=1711"}],"version-history":[{"count":6,"href":"https:\/\/www.schmetterlingskinder.ch\/it\/wp-json\/wp\/v2\/pages\/1711\/revisions"}],"predecessor-version":[{"id":3223,"href":"https:\/\/www.schmetterlingskinder.ch\/it\/wp-json\/wp\/v2\/pages\/1711\/revisions\/3223"}],"wp:attachment":[{"href":"https:\/\/www.schmetterlingskinder.ch\/it\/wp-json\/wp\/v2\/media?parent=1711"}],"curies":[{"name":"wp","href":"https:\/\/api.w.org\/{rel}","templated":true}]}}