{"id":6904,"date":"2025-05-08T14:18:07","date_gmt":"2025-05-08T12:18:07","guid":{"rendered":"https:\/\/www.schmetterlingskinder.ch\/flick-flauder\/"},"modified":"2025-05-21T15:40:31","modified_gmt":"2025-05-21T13:40:31","slug":"flick-flauder","status":"publish","type":"page","link":"https:\/\/www.schmetterlingskinder.ch\/fr\/flick-flauder\/","title":{"rendered":"Flick-Flauder"},"content":{"rendered":"\t\t<div data-elementor-type=\"wp-page\" data-elementor-id=\"6904\" class=\"elementor elementor-6904 elementor-6895\" data-elementor-post-type=\"page\">\n\t\t\t\t\t\t<section data-particle_enable=\"false\" data-particle-mobile-disabled=\"false\" class=\"elementor-section elementor-top-section elementor-element elementor-element-cd24bb7 elementor-section-boxed elementor-section-height-default elementor-section-height-default\" data-id=\"cd24bb7\" data-element_type=\"section\" data-e-type=\"section\">\n\t\t\t\t\t\t<div class=\"elementor-container elementor-column-gap-default\">\n\t\t\t\t\t<div class=\"elementor-column elementor-col-100 elementor-top-column elementor-element elementor-element-c2f40f1\" data-id=\"c2f40f1\" data-element_type=\"column\" data-e-type=\"column\">\n\t\t\t<div class=\"elementor-widget-wrap elementor-element-populated\">\n\t\t\t\t\t\t<div class=\"elementor-element elementor-element-a901e54 elementor-widget elementor-widget-heading\" data-id=\"a901e54\" data-element_type=\"widget\" data-e-type=\"widget\" data-widget_type=\"heading.default\">\n\t\t\t\t<div class=\"elementor-widget-container\">\n\t\t\t\t\t<h2 class=\"elementor-heading-title elementor-size-default\">Flick-Flauder<\/h2>\t\t\t\t<\/div>\n\t\t\t\t<\/div>\n\t\t\t\t<div class=\"elementor-element elementor-element-e758ef1 elementor-widget elementor-widget-image\" data-id=\"e758ef1\" data-element_type=\"widget\" data-e-type=\"widget\" data-widget_type=\"image.default\">\n\t\t\t\t<div class=\"elementor-widget-container\">\n\t\t\t\t\t\t\t\t\t\t\t\t\t\t\t<img fetchpriority=\"high\" decoding=\"async\" width=\"1536\" height=\"1329\" src=\"https:\/\/www.schmetterlingskinder.ch\/wp-content\/uploads\/2025\/05\/flick_flauder-1536x1329.jpg\" class=\"attachment-1536x1536 size-1536x1536 wp-image-6877\" alt=\"\" srcset=\"https:\/\/www.schmetterlingskinder.ch\/wp-content\/uploads\/2025\/05\/flick_flauder-1536x1329.jpg 1536w, https:\/\/www.schmetterlingskinder.ch\/wp-content\/uploads\/2025\/05\/flick_flauder-300x260.jpg 300w, https:\/\/www.schmetterlingskinder.ch\/wp-content\/uploads\/2025\/05\/flick_flauder-1024x886.jpg 1024w, https:\/\/www.schmetterlingskinder.ch\/wp-content\/uploads\/2025\/05\/flick_flauder-768x665.jpg 768w, https:\/\/www.schmetterlingskinder.ch\/wp-content\/uploads\/2025\/05\/flick_flauder.jpg 1776w\" sizes=\"(max-width: 1536px) 100vw, 1536px\" \/>\t\t\t\t\t\t\t\t\t\t\t\t\t\t\t<\/div>\n\t\t\t\t<\/div>\n\t\t\t\t<div class=\"elementor-element elementor-element-1f3386a elementor-widget elementor-widget-text-editor\" data-id=\"1f3386a\" data-element_type=\"widget\" data-e-type=\"widget\" data-widget_type=\"text-editor.default\">\n\t\t\t\t<div class=\"elementor-widget-container\">\n\t\t\t\t\t\t\t\t\t<p>Jeu, amusement et papillons<br \/>Flick-Flauder vous attend!<\/p>\n\t\t\t\t\t\t\t\t<\/div>\n\t\t\t\t<\/div>\n\t\t\t\t<div class=\"elementor-element elementor-element-d3fedc5 elementor-widget elementor-widget-text-editor\" data-id=\"d3fedc5\" data-element_type=\"widget\" data-e-type=\"widget\" data-widget_type=\"text-editor.default\">\n\t\t\t\t<div class=\"elementor-widget-container\">\n\t\t\t\t\t\t\t\t\t<p>Ce jeu passionnant et divertissant, destin\u00e9 \u00e0 soutenir les enfants papillons, peut \u00eatre command\u00e9 au secr\u00e9tariat de DEBRA au prix de <strong>15,00 CHF<\/strong> :<\/p>\n<p><a href=\"mailto:sekretariat@schmetterlingskinder.ch\">sekretariat@schmetterlingskinder.ch<\/a><\/p>\n<p>Veuillez indiquer dans le mail vos nom, pr\u00e9nom et adresse ainsi que le nombre de jeux que vous souhaitez acheter.<\/p>\n<p>Vous recevrez un lien de paiement par e-mail et d\u00e8s r\u00e9ception de votre paiement, <strong>Flick-Flauder<\/strong> vous sera envoy\u00e9 par la poste.<\/p>\n<p>Les enfants papillons vous remercient chaleureusement pour votre soutien!<\/p>\n\t\t\t\t\t\t\t\t<\/div>\n\t\t\t\t<\/div>\n\t\t\t\t\t<\/div>\n\t\t<\/div>\n\t\t\t\t\t<\/div>\n\t\t<\/section>\n\t\t\t\t<\/div>\n\t\t","protected":false},"excerpt":{"rendered":"<p>Flick-Flauder Jeu, amusement et papillonsFlick-Flauder vous attend! Ce jeu passionnant et divertissant, destin\u00e9 \u00e0 soutenir les enfants papillons, peut \u00eatre command\u00e9 au secr\u00e9tariat de DEBRA au prix de 15,00 CHF : sekretariat@schmetterlingskinder.ch Veuillez indiquer dans le mail vos nom, pr\u00e9nom et adresse ainsi que le nombre de jeux que vous souhaitez acheter. Vous recevrez un [&hellip;]<\/p>\n","protected":false},"author":1,"featured_media":0,"parent":0,"menu_order":0,"comment_status":"closed","ping_status":"closed","template":"","meta":{"_acf_changed":false,"footnotes":""},"class_list":["post-6904","page","type-page","status-publish","hentry"],"acf":[],"yoast_head":"<!-- This site is optimized with the Yoast SEO plugin v27.5 - https:\/\/yoast.com\/product\/yoast-seo-wordpress\/ -->\n<title>Flick-Flauder - DEBRA Schweiz<\/title>\n<meta name=\"robots\" content=\"index, follow, max-snippet:-1, max-image-preview:large, max-video-preview:-1\" \/>\n<link rel=\"canonical\" href=\"https:\/\/www.schmetterlingskinder.ch\/fr\/flick-flauder\/\" \/>\n<meta property=\"og:locale\" content=\"fr_FR\" \/>\n<meta property=\"og:type\" content=\"article\" \/>\n<meta property=\"og:title\" content=\"Flick-Flauder - DEBRA Schweiz\" \/>\n<meta property=\"og:description\" content=\"Flick-Flauder Jeu, amusement et papillonsFlick-Flauder vous attend! Ce jeu passionnant et divertissant, destin\u00e9 \u00e0 soutenir les enfants papillons, peut \u00eatre command\u00e9 au secr\u00e9tariat de DEBRA au prix de 15,00 CHF : sekretariat@schmetterlingskinder.ch Veuillez indiquer dans le mail vos nom, pr\u00e9nom et adresse ainsi que le nombre de jeux que vous souhaitez acheter. Vous recevrez un [&hellip;]\" \/>\n<meta property=\"og:url\" content=\"https:\/\/www.schmetterlingskinder.ch\/fr\/flick-flauder\/\" \/>\n<meta property=\"og:site_name\" content=\"DEBRA Schweiz\" \/>\n<meta property=\"article:modified_time\" content=\"2025-05-21T13:40:31+00:00\" \/>\n<meta property=\"og:image\" content=\"https:\/\/www.schmetterlingskinder.ch\/wp-content\/uploads\/2025\/05\/flick_flauder.jpg\" \/>\n\t<meta property=\"og:image:width\" content=\"1776\" \/>\n\t<meta property=\"og:image:height\" content=\"1537\" \/>\n\t<meta property=\"og:image:type\" content=\"image\/jpeg\" \/>\n<meta name=\"twitter:card\" content=\"summary_large_image\" \/>\n<script type=\"application\/ld+json\" class=\"yoast-schema-graph\">{\"@context\":\"https:\\\/\\\/schema.org\",\"@graph\":[{\"@type\":\"WebPage\",\"@id\":\"https:\\\/\\\/www.schmetterlingskinder.ch\\\/fr\\\/flick-flauder\\\/\",\"url\":\"https:\\\/\\\/www.schmetterlingskinder.ch\\\/fr\\\/flick-flauder\\\/\",\"name\":\"Flick-Flauder - DEBRA Schweiz\",\"isPartOf\":{\"@id\":\"https:\\\/\\\/www.schmetterlingskinder.ch\\\/fr\\\/#website\"},\"primaryImageOfPage\":{\"@id\":\"https:\\\/\\\/www.schmetterlingskinder.ch\\\/fr\\\/flick-flauder\\\/#primaryimage\"},\"image\":{\"@id\":\"https:\\\/\\\/www.schmetterlingskinder.ch\\\/fr\\\/flick-flauder\\\/#primaryimage\"},\"thumbnailUrl\":\"https:\\\/\\\/www.schmetterlingskinder.ch\\\/wp-content\\\/uploads\\\/2025\\\/05\\\/flick_flauder-1536x1329.jpg\",\"datePublished\":\"2025-05-08T12:18:07+00:00\",\"dateModified\":\"2025-05-21T13:40:31+00:00\",\"breadcrumb\":{\"@id\":\"https:\\\/\\\/www.schmetterlingskinder.ch\\\/fr\\\/flick-flauder\\\/#breadcrumb\"},\"inLanguage\":\"fr-FR\",\"potentialAction\":[{\"@type\":\"ReadAction\",\"target\":[\"https:\\\/\\\/www.schmetterlingskinder.ch\\\/fr\\\/flick-flauder\\\/\"]}]},{\"@type\":\"ImageObject\",\"inLanguage\":\"fr-FR\",\"@id\":\"https:\\\/\\\/www.schmetterlingskinder.ch\\\/fr\\\/flick-flauder\\\/#primaryimage\",\"url\":\"https:\\\/\\\/www.schmetterlingskinder.ch\\\/wp-content\\\/uploads\\\/2025\\\/05\\\/flick_flauder-1536x1329.jpg\",\"contentUrl\":\"https:\\\/\\\/www.schmetterlingskinder.ch\\\/wp-content\\\/uploads\\\/2025\\\/05\\\/flick_flauder-1536x1329.jpg\"},{\"@type\":\"BreadcrumbList\",\"@id\":\"https:\\\/\\\/www.schmetterlingskinder.ch\\\/fr\\\/flick-flauder\\\/#breadcrumb\",\"itemListElement\":[{\"@type\":\"ListItem\",\"position\":1,\"name\":\"Startseite\",\"item\":\"https:\\\/\\\/www.schmetterlingskinder.ch\\\/fr\\\/\"},{\"@type\":\"ListItem\",\"position\":2,\"name\":\"Flick-Flauder\"}]},{\"@type\":\"WebSite\",\"@id\":\"https:\\\/\\\/www.schmetterlingskinder.ch\\\/fr\\\/#website\",\"url\":\"https:\\\/\\\/www.schmetterlingskinder.ch\\\/fr\\\/\",\"name\":\"DEBRA Schweiz\",\"description\":\"Hilfe f\u00fcr die Schmetterlingskinder\",\"publisher\":{\"@id\":\"https:\\\/\\\/www.schmetterlingskinder.ch\\\/fr\\\/#organization\"},\"potentialAction\":[{\"@type\":\"SearchAction\",\"target\":{\"@type\":\"EntryPoint\",\"urlTemplate\":\"https:\\\/\\\/www.schmetterlingskinder.ch\\\/fr\\\/?s={search_term_string}\"},\"query-input\":{\"@type\":\"PropertyValueSpecification\",\"valueRequired\":true,\"valueName\":\"search_term_string\"}}],\"inLanguage\":\"fr-FR\"},{\"@type\":\"Organization\",\"@id\":\"https:\\\/\\\/www.schmetterlingskinder.ch\\\/fr\\\/#organization\",\"name\":\"DEBRA Schweiz\",\"url\":\"https:\\\/\\\/www.schmetterlingskinder.ch\\\/fr\\\/\",\"logo\":{\"@type\":\"ImageObject\",\"inLanguage\":\"fr-FR\",\"@id\":\"https:\\\/\\\/www.schmetterlingskinder.ch\\\/fr\\\/#\\\/schema\\\/logo\\\/image\\\/\",\"url\":\"https:\\\/\\\/www.schmetterlingskinder.ch\\\/wp-content\\\/uploads\\\/2019\\\/11\\\/logo-debra.svg\",\"contentUrl\":\"https:\\\/\\\/www.schmetterlingskinder.ch\\\/wp-content\\\/uploads\\\/2019\\\/11\\\/logo-debra.svg\",\"caption\":\"DEBRA Schweiz\"},\"image\":{\"@id\":\"https:\\\/\\\/www.schmetterlingskinder.ch\\\/fr\\\/#\\\/schema\\\/logo\\\/image\\\/\"}}]}<\/script>\n<!-- \/ Yoast SEO plugin. -->","yoast_head_json":{"title":"Flick-Flauder - DEBRA Schweiz","robots":{"index":"index","follow":"follow","max-snippet":"max-snippet:-1","max-image-preview":"max-image-preview:large","max-video-preview":"max-video-preview:-1"},"canonical":"https:\/\/www.schmetterlingskinder.ch\/fr\/flick-flauder\/","og_locale":"fr_FR","og_type":"article","og_title":"Flick-Flauder - DEBRA Schweiz","og_description":"Flick-Flauder Jeu, amusement et papillonsFlick-Flauder vous attend! Ce jeu passionnant et divertissant, destin\u00e9 \u00e0 soutenir les enfants papillons, peut \u00eatre command\u00e9 au secr\u00e9tariat de DEBRA au prix de 15,00 CHF : sekretariat@schmetterlingskinder.ch Veuillez indiquer dans le mail vos nom, pr\u00e9nom et adresse ainsi que le nombre de jeux que vous souhaitez acheter. Vous recevrez un [&hellip;]","og_url":"https:\/\/www.schmetterlingskinder.ch\/fr\/flick-flauder\/","og_site_name":"DEBRA Schweiz","article_modified_time":"2025-05-21T13:40:31+00:00","og_image":[{"width":1776,"height":1537,"url":"https:\/\/www.schmetterlingskinder.ch\/wp-content\/uploads\/2025\/05\/flick_flauder.jpg","type":"image\/jpeg"}],"twitter_card":"summary_large_image","schema":{"@context":"https:\/\/schema.org","@graph":[{"@type":"WebPage","@id":"https:\/\/www.schmetterlingskinder.ch\/fr\/flick-flauder\/","url":"https:\/\/www.schmetterlingskinder.ch\/fr\/flick-flauder\/","name":"Flick-Flauder - DEBRA Schweiz","isPartOf":{"@id":"https:\/\/www.schmetterlingskinder.ch\/fr\/#website"},"primaryImageOfPage":{"@id":"https:\/\/www.schmetterlingskinder.ch\/fr\/flick-flauder\/#primaryimage"},"image":{"@id":"https:\/\/www.schmetterlingskinder.ch\/fr\/flick-flauder\/#primaryimage"},"thumbnailUrl":"https:\/\/www.schmetterlingskinder.ch\/wp-content\/uploads\/2025\/05\/flick_flauder-1536x1329.jpg","datePublished":"2025-05-08T12:18:07+00:00","dateModified":"2025-05-21T13:40:31+00:00","breadcrumb":{"@id":"https:\/\/www.schmetterlingskinder.ch\/fr\/flick-flauder\/#breadcrumb"},"inLanguage":"fr-FR","potentialAction":[{"@type":"ReadAction","target":["https:\/\/www.schmetterlingskinder.ch\/fr\/flick-flauder\/"]}]},{"@type":"ImageObject","inLanguage":"fr-FR","@id":"https:\/\/www.schmetterlingskinder.ch\/fr\/flick-flauder\/#primaryimage","url":"https:\/\/www.schmetterlingskinder.ch\/wp-content\/uploads\/2025\/05\/flick_flauder-1536x1329.jpg","contentUrl":"https:\/\/www.schmetterlingskinder.ch\/wp-content\/uploads\/2025\/05\/flick_flauder-1536x1329.jpg"},{"@type":"BreadcrumbList","@id":"https:\/\/www.schmetterlingskinder.ch\/fr\/flick-flauder\/#breadcrumb","itemListElement":[{"@type":"ListItem","position":1,"name":"Startseite","item":"https:\/\/www.schmetterlingskinder.ch\/fr\/"},{"@type":"ListItem","position":2,"name":"Flick-Flauder"}]},{"@type":"WebSite","@id":"https:\/\/www.schmetterlingskinder.ch\/fr\/#website","url":"https:\/\/www.schmetterlingskinder.ch\/fr\/","name":"DEBRA Schweiz","description":"Hilfe f\u00fcr die Schmetterlingskinder","publisher":{"@id":"https:\/\/www.schmetterlingskinder.ch\/fr\/#organization"},"potentialAction":[{"@type":"SearchAction","target":{"@type":"EntryPoint","urlTemplate":"https:\/\/www.schmetterlingskinder.ch\/fr\/?s={search_term_string}"},"query-input":{"@type":"PropertyValueSpecification","valueRequired":true,"valueName":"search_term_string"}}],"inLanguage":"fr-FR"},{"@type":"Organization","@id":"https:\/\/www.schmetterlingskinder.ch\/fr\/#organization","name":"DEBRA Schweiz","url":"https:\/\/www.schmetterlingskinder.ch\/fr\/","logo":{"@type":"ImageObject","inLanguage":"fr-FR","@id":"https:\/\/www.schmetterlingskinder.ch\/fr\/#\/schema\/logo\/image\/","url":"https:\/\/www.schmetterlingskinder.ch\/wp-content\/uploads\/2019\/11\/logo-debra.svg","contentUrl":"https:\/\/www.schmetterlingskinder.ch\/wp-content\/uploads\/2019\/11\/logo-debra.svg","caption":"DEBRA Schweiz"},"image":{"@id":"https:\/\/www.schmetterlingskinder.ch\/fr\/#\/schema\/logo\/image\/"}}]}},"_links":{"self":[{"href":"https:\/\/www.schmetterlingskinder.ch\/fr\/wp-json\/wp\/v2\/pages\/6904","targetHints":{"allow":["GET"]}}],"collection":[{"href":"https:\/\/www.schmetterlingskinder.ch\/fr\/wp-json\/wp\/v2\/pages"}],"about":[{"href":"https:\/\/www.schmetterlingskinder.ch\/fr\/wp-json\/wp\/v2\/types\/page"}],"author":[{"embeddable":true,"href":"https:\/\/www.schmetterlingskinder.ch\/fr\/wp-json\/wp\/v2\/users\/1"}],"replies":[{"embeddable":true,"href":"https:\/\/www.schmetterlingskinder.ch\/fr\/wp-json\/wp\/v2\/comments?post=6904"}],"version-history":[{"count":4,"href":"https:\/\/www.schmetterlingskinder.ch\/fr\/wp-json\/wp\/v2\/pages\/6904\/revisions"}],"predecessor-version":[{"id":6996,"href":"https:\/\/www.schmetterlingskinder.ch\/fr\/wp-json\/wp\/v2\/pages\/6904\/revisions\/6996"}],"wp:attachment":[{"href":"https:\/\/www.schmetterlingskinder.ch\/fr\/wp-json\/wp\/v2\/media?parent=6904"}],"curies":[{"name":"wp","href":"https:\/\/api.w.org\/{rel}","templated":true}]}}